{"id":22,"date":"2017-04-18T12:26:30","date_gmt":"2017-04-18T09:26:30","guid":{"rendered":"http:\/\/kehitys.ort.fi\/ru\/?page_id=22"},"modified":"2022-06-20T11:35:07","modified_gmt":"2022-06-20T08:35:07","slug":"%d0%ba%d0%be%d0%bd%d1%82%d0%b0%d0%ba%d1%82%d1%8b","status":"publish","type":"page","link":"https:\/\/www.ort.fi\/ru\/%d0%ba%d0%be%d0%bd%d1%82%d0%b0%d0%ba%d1%82%d1%8b\/","title":{"rendered":"\u041a\u043e\u043d\u0442\u0430\u043a\u0442\u044b"},"content":{"rendered":"<p><a href=\"http:\/\/kehitys.ort.fi\/ru\/category\/\u043f\u0435\u0440\u0441\u043e\u043d\u0430\u043b\u0438\u0438\/\" target=\"_blank\" rel=\"noopener noreferrer\">Katso henkil\u00f6kuvat t\u00e4\u00e4lt\u00e4<\/a><\/p>\n<h3>\u0424\u0438\u043d\u043b\u044f\u043d\u0434\u0441\u043a\u0430\u044f \u041f\u0440\u0430\u0432\u043e\u0441\u043b\u0430\u0432\u043d\u0430\u044f \u0426\u0435\u0440\u043a\u043e\u0432\u044c<\/h3>\n<p>&nbsp;<\/p>\n<h4>\u0415\u0433\u043e \u0412\u044b\u0441\u043e\u043a\u043e\u043f\u0440\u0435\u043e\u0441\u0432\u044f\u0449\u0435\u043d\u0441\u0442\u0432\u043e \u041b\u0415\u0412 (\u041c\u0430\u043a\u043a\u043e\u043d\u0435\u043d), \u0410\u0440\u0445\u0438\u0435\u043f\u0438\u0441\u043a\u043e\u043f \u0425\u0435\u043b\u044c\u0441\u0438\u043d\u043a\u0438 \u0438 \u0432\u0441\u0435\u044f \u0424\u0438\u043d\u043b\u044f\u043d\u0434\u0438\u0438<\/h4>\n<p>\u0422\u0435\u043b. + (358) 206 100 240<\/p>\n<p>E-mail: arkkipiispa.leo@ort.fi<\/p>\n<p>www.ort.fi\/arkkipiispa\/po-russki<\/p>\n<h4><strong>\u041a\u0430\u043d\u0446\u0435\u043b\u044f\u0440\u0438\u044f \u0410\u0440\u0445\u0438\u0435\u043f\u0438\u0441\u043a\u043e\u043f\u0438\u0438 \u0438 \u0415\u043f\u0430\u0440\u0445\u0438\u0438 \u0425\u0435\u043b\u044c\u0441\u0438\u043d\u043a\u0438<\/strong><\/h4>\n<p>Liisankatu 29 A,<\/p>\n<p>00170 Helsinki<\/p>\n<p>Finland<\/p>\n<p>\u0422\u0435\u043b.: + (358) 20 6100 240<\/p>\n<p>E-mail: helsingin.hiippakunta@ort.fi<\/p>\n<p>&nbsp;<\/p>\n<h3><strong>\u0415\u043f\u0430\u0440\u0445\u0438\u044f \u041e\u0443\u043b\u0443<\/strong><\/h3>\n<h4><strong>\u0415\u0433\u043e \u0412\u044b\u0441\u043e\u043a\u043e\u043f\u0440\u0435\u043e\u0441\u0432\u044f\u0449\u0435\u043d\u0441\u0442\u0432\u043e \u0418\u043b\u0438\u044f (\u0412\u0430\u043b\u043b\u0433\u0440\u0435\u043d), \u041c\u0438\u0442\u0440\u043e\u043f\u043e\u043b\u0438\u0442 \u041e\u0443\u043b\u0443<\/strong><\/h4>\n<p>\u0422\u0435\u043b.: + (358) 50 352 0735<\/p>\n<p>E-mail: metropoliitta.elia@ort.fi<\/p>\n<h4>\u041a\u0430\u043d\u0446\u0435\u043b\u044f\u0440\u0438\u044f \u0415\u043f\u0430\u0440\u0445\u0438\u0438 \u041e\u0443\u043b\u0443<\/h4>\n<p>Nummikatu 30 B 16,<\/p>\n<p>90100 Oulu<\/p>\n<p>Finland<\/p>\n<p>T\u0435\u043b.: + (358) 40 861 8412<\/p>\n<p>E-mail: oulun.hiippakunta@ort.fi<\/p>\n<h2><\/h2>\n<h3><strong>\u0415\u043f\u0430\u0440\u0445\u0438\u044f \u041a\u0443\u043e\u043f\u0438\u043e \u0438 \u041a\u0430\u0440\u0435\u043b\u0438\u0438<\/strong><\/h3>\n<h4><strong>\u0415\u0433\u043e \u041f\u0440\u0435\u043e\u0441\u0432\u044f\u0449\u0435\u043d\u0441\u0442\u0432\u043e \u0410\u0440\u0441\u0435\u043d\u0438\u0439 (\u0425\u0435\u0439\u043a\u043a\u0438\u043d\u0435\u043d), \u043c\u0438\u0442\u0440\u043e\u043f\u043e\u043b\u0438\u0442 \u041a\u0443\u043e\u043f\u0438\u043e \u0438 \u041a\u0430\u0440\u0435\u043b\u0438\u0438<br \/>\n<\/strong><\/h4>\n<p>\u0422\u0435\u043b. \u0435\u043f\u0430\u0440\u0445\u0438\u0438 + (358) 206 100 236<\/p>\n<p>Te\u043b. \u043c\u0438\u0442\u0440\u043e\u043f\u043e\u043b\u0438\u0442\u0430: +358 50 3110349<\/p>\n<p>E-mail: metropoliitta.arseni@ort.fi<\/p>\n<h4><strong>\u041a\u0430\u043d\u0446\u0435\u043b\u044f\u0440\u0438\u044f \u0435\u043f\u0430\u0440\u0445\u0438\u0438 \u041a\u0443\u043e\u043f\u0438\u043e \u0438 \u041a\u0430\u0440\u0435\u043b\u0438\u0438<\/strong><\/h4>\n<p>Karjalankatu 1,<\/p>\n<p>70110 Kuopio<\/p>\n<p>Finland<\/p>\n<p>\u0422\u0435\u043b.: + (358)\u00a0206 100 230<\/p>\n<p>\u0424\u0430\u043a\u0441: + (358) 206 100 231<\/p>\n<p>E-mail: kuopionjakarjalan.hiippakunta@ort.fi<\/p>\n<p>&nbsp;<\/p>\n<h3>\u0426\u0435\u0440\u043a\u043e\u0432\u043d\u043e\u0435 \u0443\u043f\u0440\u0430\u0432\u043b\u0435\u043d\u0438\u0435 \u0424\u0438\u043d\u043b\u044f\u043d\u0434\u0441\u043a\u043e\u0439 \u041f\u0440\u0430\u0432\u043e\u0441\u043b\u0430\u0432\u043d\u043e\u0439 \u0446\u0435\u0440\u043a\u0432\u0438<\/h3>\n<p>Karjalankatu 1,<\/p>\n<p>70110 Kuopio<\/p>\n<p>Finland<\/p>\n<h4><\/h4>\n<h4>\u041f\u0440\u0430\u0432\u043e\u0441\u043b\u0430\u0432\u043d\u0430\u044f \u0441\u0435\u043c\u0438\u043d\u0430\u0440\u0438\u044f<\/h4>\n<p>Torikatu 41<\/p>\n<p>80100 Joensuu<\/p>\n<p>Finland<\/p>\n<p>E-mail: ort.seminaari@ort.fi<br \/>\nwww -\u0441\u0430\u0439\u0442: www.ort.fi\/seminaari<\/p>\n<h4><\/h4>\n<h4>\u0418\u0437\u0434\u0430\u0442\u0435\u043b\u044c\u0441\u043a\u0438\u0439 \u0438 \u0438\u043d\u0444\u043e\u0440\u043c\u0430\u0446\u0438\u043e\u043d\u043d\u044b\u0439 \u043e\u0442\u0434\u0435\u043b<br \/>\n\u0420\u0443\u0441\u0441\u043a\u043e-\u044f\u0437\u044b\u0447\u043d\u0430\u044f \u0441\u043b\u0443\u0436\u0431\u0430 \u0438\u043d\u0444\u043e\u0440\u043c\u0430\u0446\u0438\u0438<\/h4>\n<p>\u0434\u0438\u0430\u043a\u043e\u043d \u0412\u043b\u0430\u0434\u0438\u043c\u0438\u0440 \u0421\u043e\u043a\u0440\u0430\u0442\u0438\u043b\u0438\u043d, \u043a\u0430\u043d\u0434.\u0431\u043e\u0433\u043e\u0441\u043b\u043e\u0432\u0438\u044f<br \/>\n\u0422\u0435\u043b. + 358 40 352 5653<br \/>\nvladimir.sokratilin@ort.fi<\/p>\n<p>&nbsp;<\/p>\n<p><strong>\u0421\u0432\u044f\u0449\u0435\u043d\u043d\u0438\u043a \u043f\u043e \u0440\u0430\u0431\u043e\u0442\u0435 \u0441 \u0443\u043a\u0440\u0430\u0438\u043d\u043e\u044f\u0437\u044b\u0447\u043d\u044b\u043c\u0438 \u043f\u0440\u0438\u0445\u043e\u0436\u0430\u043d\u0430\u043c\u0438<br \/>\n<\/strong><\/p>\n<p>\u0410\u043b\u0435\u043a\u0441\u0430\u043d\u0434\u0440 \u0417\u0430\u043d\u0435\u043c\u043e\u043d\u0435\u0446, \u0441\u0432\u044f\u0449.<br \/>\n\u0442\u0435\u043b. +358 46 875 7319<br \/>\nalexander.zanemonets@ort.fi<\/p>\n<h3><\/h3>\n<h3>\u0421\u041f\u0410\u0421\u041e-\u041f\u0420\u0415\u041e\u0411\u0420\u0410\u0416\u0415\u041d\u0421\u041a\u0418\u0419 \u0412\u0410\u041b\u0410\u0410\u041c\u0421\u041a\u0418\u0419 \u041c\u041e\u041d\u0410\u0421\u0422\u042b\u0420\u042c<\/h3>\n<p>\u0438\u0435\u0440\u043e\u043c\u043e\u043d\u0430\u0445 \u041c\u0438\u0445\u0430\u0438\u043b (\u041d\u0443\u043c\u043c\u0435\u043b\u0430), \u0431\u043b\u0430\u0433\u043e\u0447\u0438\u043d\u043d\u044b\u0439 \u0438 \u043a\u0430\u0437\u043d\u0430\u0447\u0435\u0439<br \/>\n\u0422\u0435\u043b. + (358) 50 304 1471<br \/>\nmikael@valamo.fi<\/p>\n<p>&nbsp;<\/p>\n<h3>\u041b\u0418\u041d\u0422\u0423\u041b\u042c\u0421\u041a\u0418\u0419 \u0421\u0412\u042f\u0422\u041e-\u0422\u0420\u041e\u0418\u0426\u041a\u0418\u0419 \u0416\u0415\u041d\u0421\u041a\u0418\u0419 \u041c\u041e\u041d\u0410\u0421\u0422\u042b\u0420\u042c<\/h3>\n<p>\u043c\u043e\u043d\u0430\u0445\u0438\u043d\u044f \u041a\u0441\u0435\u043d\u0438\u044f (\u0420\u043e\u0432\u0430\u043c\u043e), \u0431\u043b\u0430\u0433\u043e\u0447\u0438\u043d\u043d\u0430\u044f<br \/>\n\u0422\u0435\u043b. + (358) 40 026 4152<br \/>\nnunna.ksenia@ort.fi<\/p>\n<h3><\/h3>\n<h3>\u0419\u041e\u042d\u041d\u0421\u0423\u0423<\/h3>\n<p>\u0421\u0442\u0435\u0444\u0430\u043d \u0425\u043e\u043b\u043c, \u043f\u0440\u043e\u0442\u043e\u0438\u0435\u0440\u0435\u0439<br \/>\n\u0422\u0435\u043b. + (358) 50 586 2455<br \/>\nstefan.holm@ort.fi<\/p>\n<p>\u0410\u043b\u0435\u043a\u0441\u0430\u043d\u0434\u0440 \u0420\u043e\u0436\u0447\u0435\u043d\u043a\u043e, \u0441\u0432\u044f\u0449\u0435\u043d\u043d\u0438\u043a<br \/>\n\u0422\u0435\u043b. + (358) 41 453 7271<br \/>\naleksander.roszczenko@ort.fi<\/p>\n<h3><\/h3>\n<h3>\u0425\u0415\u041b\u042c\u0421\u0418\u041d\u041a\u0418<\/h3>\n<p>&nbsp;<\/p>\n<p>\u0425\u0435\u0439\u043a\u043a\u0438 \u0425\u0443\u0442\u0442\u0443\u043d\u0435\u043d, \u043f\u0440\u043e\u0442\u043e\u0438\u0435\u0440\u0435\u0439<\/p>\n<p>\u0422\u0435\u043b. +(358) 40 741 8792<\/p>\n<p>heikki.huttunen@ort.fi<\/p>\n<p>&nbsp;<\/p>\n<p>\u0418\u043e\u0441\u0438\u0444 \u0412\u043e\u043b\u0430, \u0441\u0432\u044f\u0449.<\/p>\n<p>\u0442\u0435\u043b. +(358) 40 545 2250<\/p>\n<p>joosef.vola@ort.fi<\/p>\n<h3><\/h3>\n<p>\u041c\u0430\u0440\u043a\u043a\u0443 \u041a\u0438\u043d\u043a\u043a\u0438, \u0441\u0432\u044f\u0449\u0435\u043d\u043d\u0438\u043a<\/p>\n<p>\u0422\u0435\u043b. + (358) 50 563 7579<\/p>\n<p>&nbsp;<\/p>\n<h3>\u0421\u041a\u0418\u0422 \u041f\u041e\u041a\u0420\u041e\u0412\u0410 \u041f\u0420\u0415\u0421\u0412\u042f\u0422\u041e\u0419 \u0411\u041e\u0413\u041e\u0420\u041e\u0414\u0418\u0426\u042b<\/h3>\n<p>\u0418\u0435\u0440\u043e\u043c\u043e\u043d\u0430\u0445 \u0425\u0430\u0440\u0438\u0442\u043e\u043d (\u0422\u0443\u0443\u043a\u043a\u0430\u043d\u0435\u043d), \u0441\u0442\u0440\u043e\u0438\u0442\u0435\u043b\u044c \u0438 \u0433\u043b\u0430\u0432\u0430<br \/>\n\u0422\u0435\u043b. + (358) 9 2211 400<\/p>\n<p>pokrova@pokrova.fi<\/p>\n<h3><\/h3>\n<p><strong>\u041a\u041e\u0422\u041a\u0410<\/strong><\/p>\n<p>\u041a\u043e\u043d\u0441\u0442\u0430\u043d\u0442\u0438\u043d \u0421\u0442\u0440\u0435\u043a\u0430\u0447\u0451\u0432. \u043f\u0440\u043e\u0442\u043e\u0438\u0435\u0440\u0435\u0439<\/p>\n<p>\u0442\u0435\u043b. +358 40 623 3327<\/p>\n<p>konstantin.strekachev@ort.fi<\/p>\n<p>&nbsp;<\/p>\n<h3>\u041b\u0410\u041f\u041f\u0415\u0415\u041d\u0420\u0410\u041d\u0422\u0410<\/h3>\n<p>\u0422\u0438\u043c\u043e \u0422\u044e\u043d\u043a\u043a\u044e\u043d\u0435\u043d, \u043f\u0440\u043e\u0442\u043e\u0438\u0435\u0440\u0435\u0439<br \/>\n\u0422\u0435\u043b. + (358) 40 0654 883<br \/>\ntimo.tynkkynen@ort.fi<\/p>\n<h3><\/h3>\n<h3>\u0422\u0410\u041c\u041f\u0415\u0420\u0415<\/h3>\n<p>\u0410\u043b\u0435\u043a\u0441\u0435\u0439 \u0428\u0451\u0431\u0435\u0440\u0433, \u043f\u0440\u043e\u0442\u043e\u0438\u0435\u0440\u0435\u0439<br \/>\n\u0422\u0435\u043b. + (358) 50 557 0050<br \/>\naleksej.sjoberg@ort.fi<\/p>\n<h3><\/h3>\n<p><strong>\u042e\u0412\u042f\u0421\u041a\u042e\u041b\u042f<\/strong><\/p>\n<p>\u041f\u0430\u0432\u0435\u043b \u041f\u0443\u0433\u043e\u0432\u043a\u0438\u043d, \u043f\u0440\u043e\u0442\u043e\u0438\u0435\u0440\u0435\u0439<\/p>\n<p>\u0442\u0435\u043b. +358 40 130 7198<\/p>\n<p>pavel.pugovkin@ort.fi<\/p>\n<p>&nbsp;<\/p>\n<h3>\u0412\u0410\u0410\u0421\u0410<\/h3>\n<p>\u0410\u043d\u0434\u0440\u0435\u0439 \u0421\u044b\u0447\u0435\u0432, \u0441\u0432\u044f\u0449\u0435\u043d\u043d\u0438\u043a<br \/>\n\u0422\u0435\u043b. + 358 400 761 718<br \/>\nandrei.sotsov@ort.fi<\/p>\n<p>&nbsp;<\/p>\n<p><strong>\u0418\u0418\u0421\u0410\u041b\u041c\u0418<\/strong><\/p>\n<p>\u0415\u043b\u0438\u0441\u0435\u0439 \u0420\u043e\u0442\u043a\u043e, \u0441\u0432\u044f\u0449\u0435\u043d\u043d\u0438\u043a<\/p>\n<p>\u0442\u0435\u043b. +358 500 271 163<\/p>\n<p>jelisei.rotko@ort.fi<\/p>\n<p>&nbsp;<\/p>\n","protected":false},"excerpt":{"rendered":"<p>Katso henkil\u00f6kuvat t\u00e4\u00e4lt\u00e4 \u0424\u0438\u043d\u043b\u044f\u043d\u0434\u0441\u043a\u0430\u044f \u041f\u0440\u0430\u0432\u043e\u0441\u043b\u0430\u0432\u043d\u0430\u044f \u0426\u0435\u0440\u043a\u043e\u0432\u044c &nbsp; \u0415\u0433\u043e \u0412\u044b\u0441\u043e\u043a\u043e\u043f\u0440\u0435\u043e\u0441\u0432\u044f\u0449\u0435\u043d\u0441\u0442\u0432\u043e \u041b\u0415\u0412 (\u041c\u0430\u043a\u043a\u043e\u043d\u0435\u043d), \u0410\u0440\u0445\u0438\u0435\u043f\u0438\u0441\u043a\u043e\u043f \u0425\u0435\u043b\u044c\u0441\u0438\u043d\u043a\u0438 \u0438 \u0432\u0441\u0435\u044f \u0424\u0438\u043d\u043b\u044f\u043d\u0434\u0438\u0438 \u0422\u0435\u043b. + (358) 206 <a class=\"readmore\" href=\"https:\/\/www.ort.fi\/ru\/%d0%ba%d0%be%d0%bd%d1%82%d0%b0%d0%ba%d1%82%d1%8b\/\">\u0427\u0438\u0442\u0430\u0442\u044c \u0434\u0430\u043b\u044c\u0448\u0435<\/a><\/p>\n","protected":false},"author":4,"featured_media":0,"parent":0,"menu_order":0,"comment_status":"closed","ping_status":"closed","template":"","meta":{"inline_featured_image":false,"jetpack_post_was_ever_published":false,"footnotes":""},"class_list":["post-22","page","type-page","status-publish","hentry"],"jetpack_sharing_enabled":true,"jetpack_shortlink":"https:\/\/wp.me\/P8Dxgg-m","_links":{"self":[{"href":"https:\/\/www.ort.fi\/ru\/wp-json\/wp\/v2\/pages\/22","targetHints":{"allow":["GET"]}}],"collection":[{"href":"https:\/\/www.ort.fi\/ru\/wp-json\/wp\/v2\/pages"}],"about":[{"href":"https:\/\/www.ort.fi\/ru\/wp-json\/wp\/v2\/types\/page"}],"author":[{"embeddable":true,"href":"https:\/\/www.ort.fi\/ru\/wp-json\/wp\/v2\/users\/4"}],"replies":[{"embeddable":true,"href":"https:\/\/www.ort.fi\/ru\/wp-json\/wp\/v2\/comments?post=22"}],"version-history":[{"count":30,"href":"https:\/\/www.ort.fi\/ru\/wp-json\/wp\/v2\/pages\/22\/revisions"}],"predecessor-version":[{"id":18983,"href":"https:\/\/www.ort.fi\/ru\/wp-json\/wp\/v2\/pages\/22\/revisions\/18983"}],"wp:attachment":[{"href":"https:\/\/www.ort.fi\/ru\/wp-json\/wp\/v2\/media?parent=22"}],"curies":[{"name":"wp","href":"https:\/\/api.w.org\/{rel}","templated":true}]}}